{"id":12,"date":"2025-05-13T17:13:57","date_gmt":"2025-05-13T17:13:57","guid":{"rendered":"https:\/\/masrecursos.pe\/?page_id=12"},"modified":"2025-05-13T17:25:18","modified_gmt":"2025-05-13T17:25:18","slug":"masrecursos-peru","status":"publish","type":"page","link":"https:\/\/masrecursos.pe\/","title":{"rendered":"MASRECURSOS PERU"},"content":{"rendered":"\t\t<div data-elementor-type=\"wp-page\" data-elementor-id=\"12\" class=\"elementor elementor-12\">\n\t\t\t\t<div class=\"elementor-element elementor-element-e81eaed e-flex e-con-boxed e-con e-parent\" data-id=\"e81eaed\" data-element_type=\"container\">\n\t\t\t\t\t<div class=\"e-con-inner\">\n\t\t\t\t<div class=\"elementor-element elementor-element-17900ad1 elementor-widget elementor-widget-text-editor\" data-id=\"17900ad1\" data-element_type=\"widget\" data-widget_type=\"text-editor.default\">\n\t\t\t\t<div class=\"elementor-widget-container\">\n\t\t\t\t\t\t\t\t\t\n<div class=\"wp-block-group alignfull has-global-padding is-layout-constrained wp-container-core-group-is-layout-0c9c989a wp-block-group-is-layout-constrained\" style=\"min-height: 0vh; margin-top: 0; margin-bottom: 0; padding: var(--wp--preset--spacing--70) var(--wp--preset--spacing--40) var(--wp--preset--spacing--70) var(--wp--preset--spacing--40);\">\n<div class=\"wp-block-group has-global-padding is-layout-constrained wp-container-core-group-is-layout-346627ba wp-block-group-is-layout-constrained\">\n<h2 class=\"wp-block-heading has-text-align-center has-xx-large-font-size\" style=\"margin-right: 0; margin-left: 0; padding-right: 0; padding-left: 0;\">Generamos recursos para el cambio<\/h2>\n\n<p class=\"has-text-align-center\">En Per\u00fa, las personas y las empresas son pilares fundamentales para el bienestar de las comunidades vulnerables. Descubre c\u00f3mo MASRECURSOS PER\u00da canaliza este compromiso, fortaleciendo a las fundaciones que trabajan incansablemente en el terreno para lograr un impacto real.<\/p>\n\n<div class=\"wp-block-buttons is-content-justification-center is-layout-flex wp-container-core-buttons-is-layout-a89b3969 wp-block-buttons-is-layout-flex\">\n<div class=\"wp-block-button\"><a class=\"wp-block-button__link wp-element-button\" href=\"https:\/\/www.masrecursosinternacional.cl\/qui%C3%A9nes-somos\">Conocenos m\u00e1s<\/a><\/div>\n<\/div>\n<\/div>\n<\/div>\n\n<div class=\"wp-block-group alignfull has-global-padding is-layout-constrained wp-container-core-group-is-layout-ebee8dc1 wp-block-group-is-layout-constrained\" style=\"margin-top: 0; margin-bottom: 0; padding-top: var(--wp--preset--spacing--50); padding-bottom: var(--wp--preset--spacing--50);\">\n<h2 class=\"wp-block-heading alignwide\">Nuestras Principales Ofertas<\/h2>\n\n<p class=\"has-text-align-center\">Descubre c\u00f3mo MASRECURSOS PERU empodera a comunidades a trav\u00e9s de programas innovadores y oportunidades de financiaci\u00f3n efectivas.<\/p>\n\n<div class=\"wp-block-columns alignwide is-layout-flex wp-container-core-columns-is-layout-28f84493 wp-block-columns-is-layout-flex\">\n<div class=\"wp-block-column is-layout-flow wp-block-column-is-layout-flow\">\n<figure class=\"wp-block-gallery has-nested-images columns-default is-cropped wp-block-gallery-3 is-layout-flex wp-block-gallery-is-layout-flex\">\n<figure class=\"wp-block-image size-full\" style=\"margin-top: 0; margin-bottom: 26px;\"><img fetchpriority=\"high\" decoding=\"async\" width=\"1080\" height=\"1080\" data-id=\"17\" class=\"wp-image-17\" style=\"aspect-ratio: 4\/3; object-fit: cover;\" src=\"https:\/\/masrecursos.pe\/wp-content\/uploads\/2025\/05\/2.png\" alt=\"\" srcset=\"https:\/\/masrecursos.pe\/wp-content\/uploads\/2025\/05\/2.png 1080w, https:\/\/masrecursos.pe\/wp-content\/uploads\/2025\/05\/2-300x300.png 300w, https:\/\/masrecursos.pe\/wp-content\/uploads\/2025\/05\/2-1024x1024.png 1024w, https:\/\/masrecursos.pe\/wp-content\/uploads\/2025\/05\/2-150x150.png 150w, https:\/\/masrecursos.pe\/wp-content\/uploads\/2025\/05\/2-768x768.png 768w\" sizes=\"(max-width: 1080px) 100vw, 1080px\" \/><\/figure>\n<\/figure>\n\n<h3 class=\"wp-block-heading\">Captaci\u00f3n de Donantes<\/h3>\n\n<p class=\"has-text-align-center has-medium-font-size\">Nuestra estrategia incluye la b\u00fasqueda activa de donantes comprometidos. Creamos conexiones para maximizar el impacto social y fomentar la solidaridad.<\/p>\n\n<p class=\"has-medium-font-size\">\u00a0<\/p>\n<\/div>\n\n<div class=\"wp-block-column is-layout-flow wp-block-column-is-layout-flow\">\n<figure class=\"wp-block-image size-full is-style-default wp-duotone-unset-4\" style=\"margin-bottom: 24px;\"><img decoding=\"async\" width=\"1080\" height=\"1080\" class=\"wp-image-15\" style=\"aspect-ratio: 4\/3; object-fit: cover;\" src=\"https:\/\/masrecursos.pe\/wp-content\/uploads\/2025\/05\/3.png\" alt=\"\" srcset=\"https:\/\/masrecursos.pe\/wp-content\/uploads\/2025\/05\/3.png 1080w, https:\/\/masrecursos.pe\/wp-content\/uploads\/2025\/05\/3-300x300.png 300w, https:\/\/masrecursos.pe\/wp-content\/uploads\/2025\/05\/3-1024x1024.png 1024w, https:\/\/masrecursos.pe\/wp-content\/uploads\/2025\/05\/3-150x150.png 150w, https:\/\/masrecursos.pe\/wp-content\/uploads\/2025\/05\/3-768x768.png 768w\" sizes=\"(max-width: 1080px) 100vw, 1080px\" \/><\/figure>\n\n<h3 class=\"wp-block-heading\">Asesor\u00edas y consultor\u00edas<\/h3>\n\n<p class=\"has-text-align-center has-medium-font-size\">Trabajamos incansablemente para asegurar que instituciones sin fines de lucro, ONG y organismos internacionales cuenten con recursos permanentes y de calidad, impulsando sus programas sociales y sembrando oportunidades para un futuro mejor en las vidas que tocan.<\/p>\n<\/div>\n\n<div class=\"wp-block-column is-layout-flow wp-block-column-is-layout-flow\">\n<figure class=\"wp-block-image size-full\" style=\"margin-bottom: 24px;\"><img decoding=\"async\" width=\"1080\" height=\"1080\" class=\"wp-image-16\" style=\"aspect-ratio: 4\/3; object-fit: cover;\" src=\"https:\/\/masrecursos.pe\/wp-content\/uploads\/2025\/05\/1.png\" alt=\"\" srcset=\"https:\/\/masrecursos.pe\/wp-content\/uploads\/2025\/05\/1.png 1080w, https:\/\/masrecursos.pe\/wp-content\/uploads\/2025\/05\/1-300x300.png 300w, https:\/\/masrecursos.pe\/wp-content\/uploads\/2025\/05\/1-1024x1024.png 1024w, https:\/\/masrecursos.pe\/wp-content\/uploads\/2025\/05\/1-150x150.png 150w, https:\/\/masrecursos.pe\/wp-content\/uploads\/2025\/05\/1-768x768.png 768w\" sizes=\"(max-width: 1080px) 100vw, 1080px\" \/><\/figure>\n\n<h3 class=\"wp-block-heading\">Convi\u00e9rtete en un Agente de Cambio<\/h3>\n\n<p class=\"has-medium-font-size\">Convi\u00e9rtete en un Agente de Cambio Formaci\u00f3n Integral de Captadores Aprende haciendo y desarrolla habilidades con\u00a0las herramientas y el conocimiento necesario para convertirte en un experto en la movilizaci\u00f3n de recursos. Desarrolla habilidades esenciales y aprende t\u00e9cnicas probadas para impulsar tus iniciativas como emprendedor social.<\/p>\n<\/div>\n<\/div>\n<\/div>\n\n<div class=\"wp-block-group alignfull has-global-padding is-layout-constrained wp-block-group-is-layout-constrained\" style=\"margin-top: 0; margin-bottom: 0; padding-top: var(--wp--preset--spacing--60); padding-bottom: var(--wp--preset--spacing--60);\">\n<div class=\"wp-block-columns alignwide is-layout-flex wp-container-core-columns-is-layout-74b2cda3 wp-block-columns-is-layout-flex\">\n<div class=\"wp-block-column is-layout-flow wp-block-column-is-layout-flow\">\n<div class=\"wp-block-group is-vertical is-content-justification-left is-layout-flex wp-container-core-group-is-layout-7ce391b6 wp-block-group-is-layout-flex\" style=\"min-height: 100%;\">\n<h2 class=\"wp-block-heading is-style-text-annotation has-x-small-font-size\">\u00a0<\/h2>\n\n<blockquote class=\"wp-block-quote is-style-plain has-x-large-font-size is-layout-flow wp-container-core-quote-is-layout-5dafc681 wp-block-quote-is-layout-flow\" style=\"font-style: normal; font-weight: 400;\">\n<div class=\"wp-block-group has-global-padding is-content-justification-left is-layout-constrained wp-container-core-group-is-layout-085bd3d9 wp-block-group-is-layout-constrained\" style=\"margin-top: 0; margin-bottom: 0; padding: 0;\">\n<p class=\"has-text-align-left has-xx-large-font-size\">\u201cNuestra historia y visi\u00f3n en MASRECURSOS\u201d<\/p>\n<\/div>\n<cite>Trabajamos incansablemente para asegurar que instituciones sin fines de lucro, ONG y organismos internacionales cuenten con recursos permanentes y de calidad, impulsando sus programas sociales y sembrando oportunidades para un futuro mejor en las vidas que tocan. Esta labor la venimos desarrollando con \u00e9xito en Chile desde 2018.<\/cite><\/blockquote>\n<\/div>\n<\/div>\n\n<div class=\"wp-block-column is-layout-flow wp-block-column-is-layout-flow\" style=\"padding: 0;\">\n<figure class=\"wp-block-image size-full\"><img loading=\"lazy\" decoding=\"async\" width=\"887\" height=\"796\" class=\"wp-image-20\" style=\"aspect-ratio: 1; object-fit: cover;\" src=\"https:\/\/masrecursos.pe\/wp-content\/uploads\/2025\/05\/captadores_MASRECURSOS.jpg\" alt=\"\" srcset=\"https:\/\/masrecursos.pe\/wp-content\/uploads\/2025\/05\/captadores_MASRECURSOS.jpg 887w, https:\/\/masrecursos.pe\/wp-content\/uploads\/2025\/05\/captadores_MASRECURSOS-300x269.jpg 300w, https:\/\/masrecursos.pe\/wp-content\/uploads\/2025\/05\/captadores_MASRECURSOS-768x689.jpg 768w\" sizes=\"(max-width: 887px) 100vw, 887px\" \/><\/figure>\n<\/div>\n<\/div>\n<\/div>\n\n<div class=\"wp-block-group alignfull has-global-padding is-layout-constrained wp-block-group-is-layout-constrained\" style=\"margin-top: 0; margin-bottom: 0; padding-top: var(--wp--preset--spacing--60); padding-bottom: var(--wp--preset--spacing--60);\">\n<h2 class=\"wp-block-heading alignwide has-text-align-center\">UNETE A NUESTRO EQUIPO<\/h2>\n\n<p class=\"has-text-align-center\">En cada paso, nuestro enfoque est\u00e1 en generar un cambio positivo y sostenible, priorizando las necesidades de las personas. \u00a1Tu talento puede hacer la diferencia!<\/p>\n\n<p class=\"has-text-align-center\"><strong>Desarrolla tu Carrera con Prop\u00f3sito: Buscamos<\/strong><\/p>\n\n<div class=\"wp-block-spacer\" style=\"height: var(--wp--preset--spacing--40);\" aria-hidden=\"true\">\u00a0<\/div>\n\n<div class=\"wp-block-columns alignwide is-layout-flex wp-container-core-columns-is-layout-1d9f35bd wp-block-columns-is-layout-flex\">\n<div class=\"wp-block-column has-border-color is-layout-flow wp-block-column-is-layout-flow\" style=\"border-color: var(--wp--preset--color--accent-6); border-width: 1px; border-radius: 10px; padding: var(--wp--preset--spacing--50);\">\n<h3 id=\"free\" class=\"wp-block-heading\"><strong>Captadores Senior con experiencia.<\/strong><\/h3>\n\n<p class=\"has-large-font-size\"><strong>Captadores Senior con experiencia.<\/strong><br \/>\u00bfTe gustar\u00eda utilizar tu experiencia en ventas o promoci\u00f3n para generar un impacto social significativo? En MASRECURSOS, unimos fuerzas con distintas organizaciones sin fines de lucro para mejorar la vida de miles de personas vulnerables.<br \/>Buscamos profesionales apasionados y con experiencia para unirse a nuestro equipo de captaci\u00f3n. \u00a1Tu contribuci\u00f3n es fundamental!<br \/>Envianos tu CV a : agentesdecambio@masrecursos.pe<\/p>\n\n<ul class=\"wp-block-list is-style-checkmark-list has-small-font-size\" style=\"padding-bottom: var(--wp--preset--spacing--20); padding-left: var(--wp--preset--spacing--20);\">\n<li>\u00a0<\/li>\n<\/ul>\n\n<div class=\"wp-block-buttons is-content-justification-center is-layout-flex wp-container-core-buttons-is-layout-a89b3969 wp-block-buttons-is-layout-flex\">\n<div class=\"wp-block-button has-custom-width wp-block-button__width-100\"><a class=\"wp-block-button__link wp-element-button\" href=\"http:\/\/&lt;a href=&quot;mailto:agentesdecambio@masrecursos.pe&quot;&gt;agentesdecambio@masrecursos.pe&lt;\/a&gt;\">Enviar CV<\/a><\/div>\n<\/div>\n<\/div>\n\n<div class=\"wp-block-column has-border-color is-layout-flow wp-block-column-is-layout-flow\" style=\"border-color: var(--wp--preset--color--accent-6); border-width: 1px; border-radius: 10px; padding: var(--wp--preset--spacing--50);\">\n<h3 id=\"single\" class=\"wp-block-heading\"><strong>Captadores Junior sin experiencia.<\/strong><\/h3>\n\n<p class=\"has-large-font-size\">\u00bfEres estudiante y buscas un trabajo de medio tiempo que te permita aprender y generar un impacto social real? En MASRECURSOS, te ofrecemos la oportunidad de desarrollarte como Captador Junior, sin necesidad de tener una carrera o t\u00edtulo profesional. Dedica tus horas disponibles a colaborar con organizaciones sin fines de lucro y contribuye a una causa noble.<br \/>\u00a1Si eres estudiante con ganas de aprender y ayudar, env\u00edanos tu CV a: agentesdecambio@masrecursos.pe!<\/p>\n\n<ul class=\"wp-block-list is-style-checkmark-list has-small-font-size\" style=\"padding-bottom: var(--wp--preset--spacing--20); padding-left: var(--wp--preset--spacing--20);\">\n<li>\u00a0<\/li>\n<\/ul>\n\n<div class=\"wp-block-buttons is-content-justification-center is-layout-flex wp-container-core-buttons-is-layout-a89b3969 wp-block-buttons-is-layout-flex\">\n<div class=\"wp-block-button has-custom-width wp-block-button__width-100\"><a class=\"wp-block-button__link wp-element-button\" href=\"http:\/\/&lt;a href=&quot;mailto:agentesdecambio@masrecursos.pe&quot;&gt;agentesdecambio@masrecursos.pe&lt;\/a&gt;\">Enviar CV<\/a><\/div>\n<\/div>\n<\/div>\n<\/div>\n<\/div>\n\n<aside class=\"wp-block-group alignfull is-style-section-3 has-global-padding is-layout-constrained wp-container-core-group-is-layout-f0f2a97b wp-block-group-is-layout-constrained\" style=\"margin-top: 0; margin-bottom: 0; padding: var(--wp--preset--spacing--50);\">\n<div class=\"wp-block-group is-vertical is-content-justification-center is-layout-flex wp-container-core-group-is-layout-8778ca4a wp-block-group-is-layout-flex\" style=\"min-height: 360px; margin-top: 0; margin-bottom: 0;\">\n<h2 class=\"wp-block-heading has-text-align-center has-xx-large-font-size\">S\u00edguenos en nuestras redes sociales para no perderte ninguna novedad.<\/h2>\n\n<div class=\"wp-block-spacer wp-container-content-62aae154\" style=\"height: 0px;\" aria-hidden=\"true\">\u00a0<\/div>\n\n<div class=\"wp-block-buttons is-content-justification-center is-layout-flex wp-container-core-buttons-is-layout-a89b3969 wp-block-buttons-is-layout-flex\">\n<div class=\"wp-block-button\"><a class=\"wp-block-button__link has-text-align-center wp-element-button\" href=\"https:\/\/www.instagram.com\/masrecursosperu?utm_source=ig_web_button_share_sheet&amp;igsh=ZDNlZDc0MzIxNw==\">IG<\/a><\/div>\n<\/div>\n\n<div class=\"wp-block-buttons is-layout-flex wp-block-buttons-is-layout-flex\">\n<div class=\"wp-block-button\"><a class=\"wp-block-button__link wp-element-button\" href=\"https:\/\/www.linkedin.com\/company\/masrecursos-internacional\/\">Linkedin<\/a><\/div>\n<\/div>\n<\/div>\n<\/aside>\n\n<p>\u00a0<\/p>\n\t\t\t\t\t\t\t\t<\/div>\n\t\t\t\t<\/div>\n\t\t\t\t\t<\/div>\n\t\t\t\t<\/div>\n\t\t\t\t<\/div>\n\t\t","protected":false},"excerpt":{"rendered":"<p>Generamos recursos para el cambio En Per\u00fa, las personas y las empresas son pilares fundamentales para el bienestar de las comunidades vulnerables. Descubre c\u00f3mo MASRECURSOS PER\u00da canaliza este compromiso, fortaleciendo a las fundaciones que trabajan incansablemente en el terreno para lograr un impacto real. Nuestras Principales Ofertas Descubre c\u00f3mo MASRECURSOS PERU empodera a comunidades a &hellip; <\/p>\n<p class=\"link-more\"><a href=\"https:\/\/masrecursos.pe\/\" class=\"more-link\">Leer m\u00e1s<span class=\"screen-reader-text\"> \u00abMASRECURSOS PERU\u00bb<\/span><\/a><\/p>\n","protected":false},"author":1,"featured_media":0,"parent":0,"menu_order":0,"comment_status":"closed","ping_status":"closed","template":"","meta":{"footnotes":""},"class_list":["post-12","page","type-page","status-publish","hentry"],"yoast_head":"<!-- This site is optimized with the Yoast SEO plugin v25.0 - https:\/\/yoast.com\/wordpress\/plugins\/seo\/ -->\n<title>MASRECURSOS PERU - Mas Recursos<\/title>\n<meta name=\"robots\" content=\"index, follow, max-snippet:-1, max-image-preview:large, max-video-preview:-1\" \/>\n<link rel=\"canonical\" href=\"https:\/\/masrecursos.pe\/\" \/>\n<meta property=\"og:locale\" content=\"es_ES\" \/>\n<meta property=\"og:type\" content=\"article\" \/>\n<meta property=\"og:title\" content=\"MASRECURSOS PERU - Mas Recursos\" \/>\n<meta property=\"og:description\" content=\"Generamos recursos para el cambio En Per\u00fa, las personas y las empresas son pilares fundamentales para el bienestar de las comunidades vulnerables. Descubre c\u00f3mo MASRECURSOS PER\u00da canaliza este compromiso, fortaleciendo a las fundaciones que trabajan incansablemente en el terreno para lograr un impacto real. Nuestras Principales Ofertas Descubre c\u00f3mo MASRECURSOS PERU empodera a comunidades a &hellip; Leer m\u00e1s \u00abMASRECURSOS PERU\u00bb\" \/>\n<meta property=\"og:url\" content=\"https:\/\/masrecursos.pe\/\" \/>\n<meta property=\"og:site_name\" content=\"Mas Recursos\" \/>\n<meta property=\"article:modified_time\" content=\"2025-05-13T17:25:18+00:00\" \/>\n<meta property=\"og:image\" content=\"https:\/\/masrecursos.pe\/wp-content\/uploads\/2025\/05\/2.png\" \/>\n\t<meta property=\"og:image:width\" content=\"1080\" \/>\n\t<meta property=\"og:image:height\" content=\"1080\" \/>\n\t<meta property=\"og:image:type\" content=\"image\/png\" \/>\n<meta name=\"twitter:card\" content=\"summary_large_image\" \/>\n<meta name=\"twitter:label1\" content=\"Tiempo de lectura\" \/>\n\t<meta name=\"twitter:data1\" content=\"3 minutos\" \/>\n<script type=\"application\/ld+json\" class=\"yoast-schema-graph\">{\"@context\":\"https:\/\/schema.org\",\"@graph\":[{\"@type\":\"WebPage\",\"@id\":\"https:\/\/masrecursos.pe\/\",\"url\":\"https:\/\/masrecursos.pe\/\",\"name\":\"MASRECURSOS PERU - Mas Recursos\",\"isPartOf\":{\"@id\":\"https:\/\/masrecursos.pe\/#website\"},\"primaryImageOfPage\":{\"@id\":\"https:\/\/masrecursos.pe\/#primaryimage\"},\"image\":{\"@id\":\"https:\/\/masrecursos.pe\/#primaryimage\"},\"thumbnailUrl\":\"https:\/\/masrecursos.pe\/wp-content\/uploads\/2025\/05\/2.png\",\"datePublished\":\"2025-05-13T17:13:57+00:00\",\"dateModified\":\"2025-05-13T17:25:18+00:00\",\"breadcrumb\":{\"@id\":\"https:\/\/masrecursos.pe\/#breadcrumb\"},\"inLanguage\":\"es\",\"potentialAction\":[{\"@type\":\"ReadAction\",\"target\":[\"https:\/\/masrecursos.pe\/\"]}]},{\"@type\":\"ImageObject\",\"inLanguage\":\"es\",\"@id\":\"https:\/\/masrecursos.pe\/#primaryimage\",\"url\":\"https:\/\/masrecursos.pe\/wp-content\/uploads\/2025\/05\/2.png\",\"contentUrl\":\"https:\/\/masrecursos.pe\/wp-content\/uploads\/2025\/05\/2.png\",\"width\":1080,\"height\":1080},{\"@type\":\"BreadcrumbList\",\"@id\":\"https:\/\/masrecursos.pe\/#breadcrumb\",\"itemListElement\":[{\"@type\":\"ListItem\",\"position\":1,\"name\":\"Portada\",\"item\":\"https:\/\/masrecursos.pe\/\"},{\"@type\":\"ListItem\",\"position\":2,\"name\":\"MASRECURSOS PERU\"}]},{\"@type\":\"WebSite\",\"@id\":\"https:\/\/masrecursos.pe\/#website\",\"url\":\"https:\/\/masrecursos.pe\/\",\"name\":\"Mas Recursos\",\"description\":\"\",\"potentialAction\":[{\"@type\":\"SearchAction\",\"target\":{\"@type\":\"EntryPoint\",\"urlTemplate\":\"https:\/\/masrecursos.pe\/?s={search_term_string}\"},\"query-input\":{\"@type\":\"PropertyValueSpecification\",\"valueRequired\":true,\"valueName\":\"search_term_string\"}}],\"inLanguage\":\"es\"}]}<\/script>\n<!-- \/ Yoast SEO plugin. -->","yoast_head_json":{"title":"MASRECURSOS PERU - Mas Recursos","robots":{"index":"index","follow":"follow","max-snippet":"max-snippet:-1","max-image-preview":"max-image-preview:large","max-video-preview":"max-video-preview:-1"},"canonical":"https:\/\/masrecursos.pe\/","og_locale":"es_ES","og_type":"article","og_title":"MASRECURSOS PERU - Mas Recursos","og_description":"Generamos recursos para el cambio En Per\u00fa, las personas y las empresas son pilares fundamentales para el bienestar de las comunidades vulnerables. Descubre c\u00f3mo MASRECURSOS PER\u00da canaliza este compromiso, fortaleciendo a las fundaciones que trabajan incansablemente en el terreno para lograr un impacto real. Nuestras Principales Ofertas Descubre c\u00f3mo MASRECURSOS PERU empodera a comunidades a &hellip; Leer m\u00e1s \u00abMASRECURSOS PERU\u00bb","og_url":"https:\/\/masrecursos.pe\/","og_site_name":"Mas Recursos","article_modified_time":"2025-05-13T17:25:18+00:00","og_image":[{"width":1080,"height":1080,"url":"https:\/\/masrecursos.pe\/wp-content\/uploads\/2025\/05\/2.png","type":"image\/png"}],"twitter_card":"summary_large_image","twitter_misc":{"Tiempo de lectura":"3 minutos"},"schema":{"@context":"https:\/\/schema.org","@graph":[{"@type":"WebPage","@id":"https:\/\/masrecursos.pe\/","url":"https:\/\/masrecursos.pe\/","name":"MASRECURSOS PERU - Mas Recursos","isPartOf":{"@id":"https:\/\/masrecursos.pe\/#website"},"primaryImageOfPage":{"@id":"https:\/\/masrecursos.pe\/#primaryimage"},"image":{"@id":"https:\/\/masrecursos.pe\/#primaryimage"},"thumbnailUrl":"https:\/\/masrecursos.pe\/wp-content\/uploads\/2025\/05\/2.png","datePublished":"2025-05-13T17:13:57+00:00","dateModified":"2025-05-13T17:25:18+00:00","breadcrumb":{"@id":"https:\/\/masrecursos.pe\/#breadcrumb"},"inLanguage":"es","potentialAction":[{"@type":"ReadAction","target":["https:\/\/masrecursos.pe\/"]}]},{"@type":"ImageObject","inLanguage":"es","@id":"https:\/\/masrecursos.pe\/#primaryimage","url":"https:\/\/masrecursos.pe\/wp-content\/uploads\/2025\/05\/2.png","contentUrl":"https:\/\/masrecursos.pe\/wp-content\/uploads\/2025\/05\/2.png","width":1080,"height":1080},{"@type":"BreadcrumbList","@id":"https:\/\/masrecursos.pe\/#breadcrumb","itemListElement":[{"@type":"ListItem","position":1,"name":"Portada","item":"https:\/\/masrecursos.pe\/"},{"@type":"ListItem","position":2,"name":"MASRECURSOS PERU"}]},{"@type":"WebSite","@id":"https:\/\/masrecursos.pe\/#website","url":"https:\/\/masrecursos.pe\/","name":"Mas Recursos","description":"","potentialAction":[{"@type":"SearchAction","target":{"@type":"EntryPoint","urlTemplate":"https:\/\/masrecursos.pe\/?s={search_term_string}"},"query-input":{"@type":"PropertyValueSpecification","valueRequired":true,"valueName":"search_term_string"}}],"inLanguage":"es"}]}},"_links":{"self":[{"href":"https:\/\/masrecursos.pe\/index.php\/wp-json\/wp\/v2\/pages\/12","targetHints":{"allow":["GET"]}}],"collection":[{"href":"https:\/\/masrecursos.pe\/index.php\/wp-json\/wp\/v2\/pages"}],"about":[{"href":"https:\/\/masrecursos.pe\/index.php\/wp-json\/wp\/v2\/types\/page"}],"author":[{"embeddable":true,"href":"https:\/\/masrecursos.pe\/index.php\/wp-json\/wp\/v2\/users\/1"}],"replies":[{"embeddable":true,"href":"https:\/\/masrecursos.pe\/index.php\/wp-json\/wp\/v2\/comments?post=12"}],"version-history":[{"count":8,"href":"https:\/\/masrecursos.pe\/index.php\/wp-json\/wp\/v2\/pages\/12\/revisions"}],"predecessor-version":[{"id":28,"href":"https:\/\/masrecursos.pe\/index.php\/wp-json\/wp\/v2\/pages\/12\/revisions\/28"}],"wp:attachment":[{"href":"https:\/\/masrecursos.pe\/index.php\/wp-json\/wp\/v2\/media?parent=12"}],"curies":[{"name":"wp","href":"https:\/\/api.w.org\/{rel}","templated":true}]}}